{"id":44,"date":"2023-06-27T21:32:02","date_gmt":"2023-06-27T21:32:02","guid":{"rendered":"https:\/\/varida.mx\/?page_id=44"},"modified":"2023-09-25T01:49:25","modified_gmt":"2023-09-25T01:49:25","slug":"44-2","status":"publish","type":"page","link":"https:\/\/varida.mx\/?page_id=44","title":{"rendered":"Pie diab\u00e9tico"},"content":{"rendered":"<p>[et_pb_section fb_built=\u00bb1&#8243; fullwidth=\u00bbon\u00bb _builder_version=\u00bb4.21.0&#8243; _module_preset=\u00bbdefault\u00bb global_colors_info=\u00bb{}\u00bb][et_pb_fullwidth_slider _builder_version=\u00bb4.21.0&#8243; _module_preset=\u00bbdefault\u00bb height=\u00bb660px\u00bb hover_enabled=\u00bb0&#8243; global_colors_info=\u00bb{}\u00bb height_last_edited=\u00bbon|phone\u00bb height_phone=\u00bb400px\u00bb sticky_enabled=\u00bb0&#8243; height_tablet=\u00bb660px\u00bb][et_pb_slide heading=\u00bbTratamiento de pie diab\u00e9tico\u00bb content_tablet=\u00bb<\/p>\n<p>El pie diab\u00e9tico aparece cuando existen niveles inadecuados de glucosa en sangre y otros factores que concurren con frecuencia en personas con diabetes.<\/p>\n<p>\u00bb content_phone=\u00bb<\/p>\n<p>El pie diab\u00e9tico aparece cuando existen niveles inadecuados de glucosa en sangre y otros factores que concurren con frecuencia en personas con diabetes.<\/p>\n<p>\u00bb content_last_edited=\u00bbon|phone\u00bb _builder_version=\u00bb4.21.0&#8243; _module_preset=\u00bbdefault\u00bb header_font=\u00bbRoboto|500|||||||\u00bb body_font=\u00bbRoboto|300|||||||\u00bb body_font_size=\u00bb19px\u00bb body_line_height=\u00bb1.1em\u00bb background_image=\u00bbhttps:\/\/varida.mx\/wp-content\/uploads\/2023\/08\/Sin-titulo-1-10.jpg\u00bb background_enable_image=\u00bbon\u00bb custom_padding=\u00bb||220px||false|false\u00bb custom_padding_tablet=\u00bb||220px||false|false\u00bb custom_padding_phone=\u00bb||400px||false|false\u00bb custom_padding_last_edited=\u00bbon|phone\u00bb hover_enabled=\u00bb0&#8243; header_font_size_tablet=\u00bb\u00bb header_font_size_phone=\u00bb32px\u00bb header_font_size_last_edited=\u00bbon|phone\u00bb body_font_size_tablet=\u00bb19px\u00bb body_font_size_phone=\u00bb22px\u00bb body_font_size_last_edited=\u00bbon|phone\u00bb background_last_edited=\u00bbon|phone\u00bb background_image_phone=\u00bbhttps:\/\/varida.mx\/wp-content\/uploads\/2023\/08\/Sin-titulo-2-6.jpg\u00bb background_enable_image_phone=\u00bbon\u00bb global_colors_info=\u00bb{}\u00bb sticky_transition=\u00bbon\u00bb sticky_enabled=\u00bb0&#8243;]<\/p>\n<p>El pie diab\u00e9tico aparece cuando existen niveles inadecuados de glucosa en sangre y otros factores que concurren con frecuencia en personas con diabetes.<\/p>\n<p>[\/et_pb_slide][\/et_pb_fullwidth_slider][\/et_pb_section][et_pb_section fb_built=\u00bb1&#8243; _builder_version=\u00bb4.21.0&#8243; _module_preset=\u00bbdefault\u00bb background_image=\u00bbhttps:\/\/varida.mx\/wp-content\/uploads\/2023\/08\/Slide-2-1.png\u00bb global_colors_info=\u00bb{}\u00bb][et_pb_row column_structure=\u00bb1_2,1_2&#8243; _builder_version=\u00bb4.21.0&#8243; _module_preset=\u00bbdefault\u00bb global_colors_info=\u00bb{}\u00bb][et_pb_column type=\u00bb1_2&#8243; _builder_version=\u00bb4.21.0&#8243; _module_preset=\u00bbdefault\u00bb global_colors_info=\u00bb{}\u00bb][et_pb_image src=\u00bbhttps:\/\/varida.mx\/wp-content\/uploads\/2023\/08\/Slide-2-1.png\u00bb title_text=\u00bbSlide 2 (1)\u00bb _builder_version=\u00bb4.21.0&#8243; _module_preset=\u00bbdefault\u00bb height=\u00bb10px\u00bb global_colors_info=\u00bb{}\u00bb][\/et_pb_image][et_pb_image src=\u00bbhttps:\/\/varida.mx\/wp-content\/uploads\/2023\/08\/GRAFICO-1-2.png\u00bb title_text=\u00bbGR\u00c1FICO 1 (2)\u00bb _builder_version=\u00bb4.21.0&#8243; _module_preset=\u00bbdefault\u00bb global_colors_info=\u00bb{}\u00bb][\/et_pb_image][et_pb_image src=\u00bbhttps:\/\/varida.mx\/wp-content\/uploads\/2023\/08\/Sin-titulo-2-1.png\u00bb title_text=\u00bbSin t\u00edtulo-2&#8243; _builder_version=\u00bb4.21.0&#8243; _module_preset=\u00bbdefault\u00bb global_colors_info=\u00bb{}\u00bb][\/et_pb_image][\/et_pb_column][et_pb_column type=\u00bb1_2&#8243; _builder_version=\u00bb4.21.0&#8243; _module_preset=\u00bbdefault\u00bb global_colors_info=\u00bb{}\u00bb][et_pb_text _builder_version=\u00bb4.21.0&#8243; _module_preset=\u00bbdefault\u00bb text_font=\u00bbRoboto|300|||||||\u00bb text_text_color=\u00bb#4d4d4d\u00bb text_font_size=\u00bb17px\u00bb custom_margin=\u00bb40px||||false|false\u00bb global_colors_info=\u00bb{}\u00bb]<\/p>\n<p><strong>El pie del diab\u00e9tico<\/strong> se debe al da\u00f1o en los vasos sangu\u00edneos y nervios causado por los niveles inadecuados de glucosa en sangre y otros factores que concurren con frecuencia en personas con diabetes<\/p>\n<p>[\/et_pb_text][et_pb_image src=\u00bbhttps:\/\/varida.mx\/wp-content\/uploads\/2023\/08\/VECTOR.png\u00bb title_text=\u00bbVECTOR\u00bb _builder_version=\u00bb4.21.0&#8243; _module_preset=\u00bbdefault\u00bb height=\u00bb50px\u00bb custom_margin=\u00bb100px||||false|false\u00bb global_colors_info=\u00bb{}\u00bb][\/et_pb_image][et_pb_text _builder_version=\u00bb4.21.0&#8243; _module_preset=\u00bbdefault\u00bb text_font=\u00bbRoboto|700|||||||\u00bb text_text_color=\u00bb#ab2d47&#8243; text_font_size=\u00bb35px\u00bb global_colors_info=\u00bb{}\u00bb]<\/p>\n<p>S\u00edntomas<\/p>\n<p>[\/et_pb_text][et_pb_blurb image=\u00bbhttps:\/\/varida.mx\/wp-content\/uploads\/2023\/08\/VECTOR-2-1.png\u00bb icon_placement=\u00bbleft\u00bb image_icon_width=\u00bb16px\u00bb _builder_version=\u00bb4.21.0&#8243; _module_preset=\u00bbdefault\u00bb body_font=\u00bbRoboto||||||||\u00bb body_text_color=\u00bb#4d4d4d\u00bb global_colors_info=\u00bb{}\u00bb]<\/p>\n<p>Hormigueos y calambres.<\/p>\n<p>[\/et_pb_blurb][et_pb_blurb image=\u00bbhttps:\/\/varida.mx\/wp-content\/uploads\/2023\/08\/VECTOR-2-1.png\u00bb icon_placement=\u00bbleft\u00bb image_icon_width=\u00bb18px\u00bb _builder_version=\u00bb4.21.0&#8243; _module_preset=\u00bbdefault\u00bb body_text_color=\u00bb#4d4d4d\u00bb global_colors_info=\u00bb{}\u00bb]<\/p>\n<p>Disminuci\u00f3n o ausencia de sensibilidad.<\/p>\n<p>[\/et_pb_blurb][et_pb_blurb image=\u00bbhttps:\/\/varida.mx\/wp-content\/uploads\/2023\/08\/VECTOR-2-1.png\u00bb icon_placement=\u00bbleft\u00bb image_icon_width=\u00bb18px\u00bb _builder_version=\u00bb4.21.0&#8243; _module_preset=\u00bbdefault\u00bb body_font=\u00bbRoboto||||||||\u00bb body_text_color=\u00bb#4d4d4d\u00bb global_colors_info=\u00bb{}\u00bb]<\/p>\n<p>Aparici\u00f3n de lesiones o incluso \u00falceras en la piel del pie.<\/p>\n<p>[\/et_pb_blurb][\/et_pb_column][\/et_pb_row][\/et_pb_section][et_pb_section fb_built=\u00bb1&#8243; _builder_version=\u00bb4.21.0&#8243; _module_preset=\u00bbdefault\u00bb background_image=\u00bbhttps:\/\/varida.mx\/wp-content\/uploads\/2023\/08\/Sin-titulo-1-scaled.jpg\u00bb height=\u00bb740px\u00bb height_tablet=\u00bb740px\u00bb height_phone=\u00bb740px\u00bb height_last_edited=\u00bbon|phone\u00bb custom_margin_tablet=\u00bb\u00bb custom_margin_phone=\u00bb||0px||false|false\u00bb custom_margin_last_edited=\u00bbon|phone\u00bb global_colors_info=\u00bb{}\u00bb][et_pb_row _builder_version=\u00bb4.21.0&#8243; _module_preset=\u00bbdefault\u00bb custom_margin_tablet=\u00bb50px||||false|false\u00bb custom_margin_phone=\u00bb50px||||false|false\u00bb custom_margin_last_edited=\u00bbon|phone\u00bb global_colors_info=\u00bb{}\u00bb][et_pb_column type=\u00bb4_4&#8243; _builder_version=\u00bb4.21.0&#8243; _module_preset=\u00bbdefault\u00bb global_colors_info=\u00bb{}\u00bb][et_pb_blurb title=\u00bbDiagn\u00f3stico\u00bb _builder_version=\u00bb4.21.0&#8243; _module_preset=\u00bbdefault\u00bb header_font=\u00bbRoboto||||||||\u00bb header_text_align=\u00bbcenter\u00bb header_text_color=\u00bb#ab2d47&#8243; header_font_size=\u00bb33px\u00bb body_font=\u00bbRoboto|300|||||||\u00bb body_text_align=\u00bbcenter\u00bb body_text_color=\u00bb#4d4d4d\u00bb body_font_size=\u00bb18px\u00bb custom_margin=\u00bb-16px||||false|false\u00bb global_colors_info=\u00bb{}\u00bb]<\/p>\n<p>El especialista analiza los s\u00edntomas y el historial cl\u00ednico. Procede a realizar una revisi\u00f3n f\u00edsica, con el objetivo de buscar:<\/p>\n<p>[\/et_pb_blurb][\/et_pb_column][\/et_pb_row][et_pb_row column_structure=\u00bb1_4,1_4,1_4,1_4&#8243; _builder_version=\u00bb4.21.0&#8243; _module_preset=\u00bbdefault\u00bb custom_margin=\u00bb40px||||false|false\u00bb custom_margin_tablet=\u00bb40px||||false|false\u00bb custom_margin_phone=\u00bb-10px||||false|false\u00bb custom_margin_last_edited=\u00bbon|phone\u00bb global_colors_info=\u00bb{}\u00bb][et_pb_column type=\u00bb1_4&#8243; _builder_version=\u00bb4.21.0&#8243; _module_preset=\u00bbdefault\u00bb global_colors_info=\u00bb{}\u00bb][et_pb_blurb image=\u00bbhttps:\/\/varida.mx\/wp-content\/uploads\/2023\/08\/VECTOR-3-1.png\u00bb icon_placement=\u00bbleft\u00bb image_icon_width=\u00bb20px\u00bb _builder_version=\u00bb4.21.0&#8243; _module_preset=\u00bbdefault\u00bb header_font=\u00bbRoboto|300|||||||\u00bb header_font_size=\u00bb22px\u00bb body_font=\u00bbRoboto|300|||||||\u00bb body_text_align=\u00bbleft\u00bb body_font_size=\u00bb19px\u00bb custom_margin=\u00bb||90px||false|false\u00bb custom_margin_tablet=\u00bb||90px||false|false\u00bb custom_margin_phone=\u00bb||30px||false|false\u00bb custom_margin_last_edited=\u00bbon|phone\u00bb global_colors_info=\u00bb{}\u00bb]<\/p>\n<p>Alteraciones cut\u00e1neas<\/p>\n<p>[\/et_pb_blurb][et_pb_blurb image=\u00bbhttps:\/\/varida.mx\/wp-content\/uploads\/2023\/08\/VECTOR-3-1.png\u00bb icon_placement=\u00bbleft\u00bb image_icon_width=\u00bb20px\u00bb _builder_version=\u00bb4.21.0&#8243; _module_preset=\u00bbdefault\u00bb body_font=\u00bbRoboto|300|||||||\u00bb body_font_size=\u00bb18px\u00bb image_icon_custom_margin_tablet=\u00bb\u00bb image_icon_custom_margin_phone=\u00bb||||false|false\u00bb image_icon_custom_margin_last_edited=\u00bbon|phone\u00bb custom_margin_tablet=\u00bb||100px||false|false\u00bb custom_margin_phone=\u00bb||40px||false|false\u00bb custom_margin_last_edited=\u00bbon|tablet\u00bb global_colors_info=\u00bb{}\u00bb]<\/p>\n<p>Signos de enfermedad vascular<\/p>\n<p>[\/et_pb_blurb][et_pb_blurb title=\u00bbDeformidades\u00bb image=\u00bbhttps:\/\/varida.mx\/wp-content\/uploads\/2023\/08\/VECTOR-3-1.png\u00bb icon_placement=\u00bbleft\u00bb image_icon_width=\u00bb60%\u00bb title_tablet=\u00bbDeformidades\u00bb title_phone=\u00bbDeformidades\u00bb title_last_edited=\u00bbon|tablet\u00bb icon_placement_tablet=\u00bbleft\u00bb icon_placement_phone=\u00bbleft\u00bb icon_placement_last_edited=\u00bbon|tablet\u00bb image_icon_width_tablet=\u00bb85%\u00bb image_icon_width_phone=\u00bb10%\u00bb image_icon_width_last_edited=\u00bbon|tablet\u00bb icon_alignment_tablet=\u00bbleft\u00bb icon_alignment_phone=\u00bbleft\u00bb icon_alignment_last_edited=\u00bbon|tablet\u00bb content_tablet=\u00bb\u00bb content_phone=\u00bb\u00bb content_last_edited=\u00bbon|tablet\u00bb content_max_width_tablet=\u00bb\u00bb content_max_width_phone=\u00bb150px\u00bb content_max_width_last_edited=\u00bbon|phone\u00bb _builder_version=\u00bb4.21.0&#8243; _module_preset=\u00bbdefault\u00bb header_font=\u00bbRoboto|300|||||||\u00bb header_font_size=\u00bb22px\u00bb image_icon_custom_margin=\u00bb|10px|||false|false\u00bb image_icon_custom_margin_tablet=\u00bb|10px|||false|false\u00bb image_icon_custom_margin_phone=\u00bb||||false|false\u00bb image_icon_custom_margin_last_edited=\u00bbon|phone\u00bb image_icon_custom_padding=\u00bb||||false|false\u00bb image_icon_custom_padding_tablet=\u00bb||||false|false\u00bb image_icon_custom_padding_phone=\u00bb||||false|false\u00bb image_icon_custom_padding_last_edited=\u00bbon|phone\u00bb custom_margin=\u00bb90px||||false|false\u00bb custom_margin_tablet=\u00bb||||false|false\u00bb custom_margin_phone=\u00bb10px||70px||false|false\u00bb custom_margin_last_edited=\u00bbon|tablet\u00bb custom_padding=\u00bb||||false|false\u00bb custom_padding_tablet=\u00bb|145px|||false|false\u00bb custom_padding_phone=\u00bb||||false|false\u00bb custom_padding_last_edited=\u00bbon|tablet\u00bb header_font_tablet=\u00bbRoboto|300|||||||\u00bb header_font_phone=\u00bbRoboto|300|||||||\u00bb header_font_last_edited=\u00bbon|tablet\u00bb header_font_size_tablet=\u00bb22px\u00bb header_font_size_phone=\u00bb22px\u00bb header_font_size_last_edited=\u00bbon|phone\u00bb global_colors_info=\u00bb{}\u00bb][\/et_pb_blurb][\/et_pb_column][et_pb_column type=\u00bb1_4&#8243; _builder_version=\u00bb4.21.0&#8243; _module_preset=\u00bbdefault\u00bb global_colors_info=\u00bb{}\u00bb][\/et_pb_column][et_pb_column type=\u00bb1_4&#8243; _builder_version=\u00bb4.21.0&#8243; _module_preset=\u00bbdefault\u00bb global_colors_info=\u00bb{}\u00bb][\/et_pb_column][et_pb_column type=\u00bb1_4&#8243; _builder_version=\u00bb4.21.0&#8243; _module_preset=\u00bbdefault\u00bb global_colors_info=\u00bb{}\u00bb][et_pb_blurb image=\u00bbhttps:\/\/varida.mx\/wp-content\/uploads\/2023\/08\/VECTOR-3-1.png\u00bb icon_placement=\u00bbleft\u00bb image_icon_width=\u00bb20px\u00bb _builder_version=\u00bb4.21.0&#8243; _module_preset=\u00bbdefault\u00bb body_font=\u00bbRoboto|300|||||||\u00bb body_font_size=\u00bb22px\u00bb custom_margin=\u00bb||90px||false|false\u00bb custom_margin_tablet=\u00bb-300px||90px||false|false\u00bb custom_margin_phone=\u00bb-80px||30px||false|false\u00bb custom_margin_last_edited=\u00bbon|tablet\u00bb global_colors_info=\u00bb{}\u00bb]<\/p>\n<p>Heridas y lesiones<\/p>\n<p>[\/et_pb_blurb][et_pb_blurb title=\u00bb\u00dalceras\u00bb image=\u00bbhttps:\/\/varida.mx\/wp-content\/uploads\/2023\/08\/VECTOR-3-1.png\u00bb icon_placement=\u00bbleft\u00bb image_icon_width=\u00bb20px\u00bb _builder_version=\u00bb4.21.0&#8243; _module_preset=\u00bbdefault\u00bb header_font=\u00bbRoboto|300|||||||\u00bb header_font_size=\u00bb22px\u00bb custom_margin=\u00bb||90px||false|false\u00bb custom_margin_tablet=\u00bb||90px||false|false\u00bb custom_margin_phone=\u00bb||10px||false|false\u00bb custom_margin_last_edited=\u00bbon|phone\u00bb global_colors_info=\u00bb{}\u00bb][\/et_pb_blurb][et_pb_blurb image=\u00bbhttps:\/\/varida.mx\/wp-content\/uploads\/2023\/08\/VECTOR-3-1.png\u00bb icon_placement=\u00bbleft\u00bb image_icon_width=\u00bb20px\u00bb _builder_version=\u00bb4.21.0&#8243; _module_preset=\u00bbdefault\u00bb body_font=\u00bbRoboto|300|||||||\u00bb body_font_size=\u00bb19px\u00bb custom_margin_tablet=\u00bb\u00bb custom_margin_phone=\u00bb||||false|false\u00bb custom_margin_last_edited=\u00bbon|phone\u00bb global_colors_info=\u00bb{}\u00bb]<\/p>\n<p>Infeciones en las u\u00f1as<\/p>\n<p>[\/et_pb_blurb][\/et_pb_column][\/et_pb_row][\/et_pb_section][et_pb_section fb_built=\u00bb1&#8243; _builder_version=\u00bb4.21.0&#8243; _module_preset=\u00bbdefault\u00bb background_image=\u00bbhttps:\/\/varida.mx\/wp-content\/uploads\/2023\/08\/SLIDE-4-1-1.png\u00bb height=\u00bb575px\u00bb height_tablet=\u00bb575px\u00bb height_phone=\u00bb630px\u00bb height_last_edited=\u00bbon|tablet\u00bb global_colors_info=\u00bb{}\u00bb][et_pb_row column_structure=\u00bb2_5,3_5&#8243; _builder_version=\u00bb4.21.0&#8243; _module_preset=\u00bbdefault\u00bb custom_margin=\u00bb50px||||false|false\u00bb custom_margin_tablet=\u00bb-50px||||false|false\u00bb custom_margin_phone=\u00bb-50px||||false|false\u00bb custom_margin_last_edited=\u00bbon|tablet\u00bb global_colors_info=\u00bb{}\u00bb][et_pb_column type=\u00bb2_5&#8243; _builder_version=\u00bb4.21.0&#8243; _module_preset=\u00bbdefault\u00bb global_colors_info=\u00bb{}\u00bb][et_pb_image src=\u00bbhttps:\/\/varida.mx\/wp-content\/uploads\/2023\/08\/Sin-titulo-2-3.png\u00bb title_text=\u00bbSin t\u00edtulo-2&#8243; _builder_version=\u00bb4.21.0&#8243; _module_preset=\u00bbdefault\u00bb global_colors_info=\u00bb{}\u00bb][\/et_pb_image][\/et_pb_column][et_pb_column type=\u00bb3_5&#8243; _builder_version=\u00bb4.21.0&#8243; _module_preset=\u00bbdefault\u00bb global_colors_info=\u00bb{}\u00bb][et_pb_text _builder_version=\u00bb4.21.0&#8243; _module_preset=\u00bbdefault\u00bb text_font=\u00bbRoboto|300|||||||\u00bb text_text_color=\u00bb#FFFFFF\u00bb text_font_size=\u00bb20px\u00bb custom_margin=\u00bb|||50px|false|false\u00bb custom_margin_tablet=\u00bb|||50px|false|false\u00bb custom_margin_phone=\u00bb|||0px|false|false\u00bb custom_margin_last_edited=\u00bbon|phone\u00bb global_colors_info=\u00bb{}\u00bb]<\/p>\n<p>El tratamiento a seguir depender\u00e1 de la gravedad de la lesi\u00f3n<br \/>y de si existe infecci\u00f3n.<\/p>\n<p>Cuando se presentan problemas vasculares, deber\u00e1 identifi-<br \/>carse si es venoso o arterial para indicar la medicaci\u00f3n ade-<br \/>cuada al caso.<\/p>\n<p>[\/et_pb_text][\/et_pb_column][\/et_pb_row][et_pb_row _builder_version=\u00bb4.21.0&#8243; _module_preset=\u00bbdefault\u00bb custom_margin=\u00bb70px||||false|false\u00bb global_colors_info=\u00bb{}\u00bb][et_pb_column type=\u00bb4_4&#8243; _builder_version=\u00bb4.21.0&#8243; _module_preset=\u00bbdefault\u00bb global_colors_info=\u00bb{}\u00bb][et_pb_button button_url=\u00bbhttps:\/\/api.whatsapp.com\/send?phone=5214771516899&#038;text=Buen%20d%C3%ADaQuisiera%20m%C3%A1s%20informaci%C3%B3n%20sobre%20los%20tratamiento%20de%20v%C3%A1rices\u00bb button_text=\u00bbEscribir al chat\u00bb button_alignment=\u00bbcenter\u00bb _builder_version=\u00bb4.21.0&#8243; _module_preset=\u00bbdefault\u00bb custom_button=\u00bbon\u00bb button_border_width=\u00bb1px\u00bb button_border_radius=\u00bb30px\u00bb button_font=\u00bbRoboto|300|||||||\u00bb button_icon=\u00bb&#xf232;||fa||400&#8243; background_layout=\u00bbdark\u00bb custom_margin=\u00bb||||false|false\u00bb custom_margin_tablet=\u00bb||||false|false\u00bb custom_margin_phone=\u00bb-100px||||false|false\u00bb custom_margin_last_edited=\u00bbon|phone\u00bb global_colors_info=\u00bb{}\u00bb][\/et_pb_button][\/et_pb_column][\/et_pb_row][\/et_pb_section]<\/p>\n","protected":false},"excerpt":{"rendered":"<p>El pie diab\u00e9tico aparece cuando existen niveles inadecuados de glucosa en sangre y otros factores que concurren con frecuencia en personas con diabetes.El pie del diab\u00e9tico se debe al da\u00f1o en los vasos sangu\u00edneos y nervios causado por los niveles inadecuados de glucosa en sangre y otros factores que concurren con frecuencia en personas con [&hellip;]<\/p>\n","protected":false},"author":1,"featured_media":0,"parent":0,"menu_order":0,"comment_status":"closed","ping_status":"closed","template":"","meta":{"_et_pb_use_builder":"on","_et_pb_old_content":"","_et_gb_content_width":""},"_links":{"self":[{"href":"https:\/\/varida.mx\/index.php?rest_route=\/wp\/v2\/pages\/44"}],"collection":[{"href":"https:\/\/varida.mx\/index.php?rest_route=\/wp\/v2\/pages"}],"about":[{"href":"https:\/\/varida.mx\/index.php?rest_route=\/wp\/v2\/types\/page"}],"author":[{"embeddable":true,"href":"https:\/\/varida.mx\/index.php?rest_route=\/wp\/v2\/users\/1"}],"replies":[{"embeddable":true,"href":"https:\/\/varida.mx\/index.php?rest_route=%2Fwp%2Fv2%2Fcomments&post=44"}],"version-history":[{"count":41,"href":"https:\/\/varida.mx\/index.php?rest_route=\/wp\/v2\/pages\/44\/revisions"}],"predecessor-version":[{"id":242054,"href":"https:\/\/varida.mx\/index.php?rest_route=\/wp\/v2\/pages\/44\/revisions\/242054"}],"wp:attachment":[{"href":"https:\/\/varida.mx\/index.php?rest_route=%2Fwp%2Fv2%2Fmedia&parent=44"}],"curies":[{"name":"wp","href":"https:\/\/api.w.org\/{rel}","templated":true}]}}