{"id":51,"date":"2023-06-27T23:32:49","date_gmt":"2023-06-27T23:32:49","guid":{"rendered":"https:\/\/varida.mx\/?page_id=51"},"modified":"2023-09-25T04:14:20","modified_gmt":"2023-09-25T04:14:20","slug":"51-2","status":"publish","type":"page","link":"https:\/\/varida.mx\/?page_id=51","title":{"rendered":"Heridas"},"content":{"rendered":"<p>[et_pb_section fb_built=\u00bb1&#8243; fullwidth=\u00bbon\u00bb _builder_version=\u00bb4.21.0&#8243; _module_preset=\u00bbdefault\u00bb global_colors_info=\u00bb{}\u00bb][et_pb_fullwidth_slider _builder_version=\u00bb4.21.0&#8243; _module_preset=\u00bbdefault\u00bb height=\u00bb640px\u00bb height_tablet=\u00bb640px\u00bb height_phone=\u00bb430px\u00bb height_last_edited=\u00bbon|phone\u00bb custom_margin=\u00bb||||false|false\u00bb hover_enabled=\u00bb0&#8243; global_colors_info=\u00bb{}\u00bb sticky_enabled=\u00bb0&#8243;][et_pb_slide content_tablet=\u00bb<\/p>\n<h1 style=%22font-size: 43px; font-family: Roboto;%22>Tratamientos de <strong>heridas y estomas<\/strong><strong><\/strong><\/h1>\n<p><strong><\/strong><\/p>\n<h4 style=%22font-size: 18px; font-family: Arial; font-weight: 100;%22>Cuidados de la piel en pacientes con riesgo a desarrollar lesiones por presi\u00f3n<\/h4>\n<\/p>\n<p>\u00bb content_phone=\u00bb<\/p>\n<h4 style=%22font-size: 18px; font-family: Arial; font-weight: 100;%22>Cuidados de la piel en pacientes con riesgo a desarrollar lesiones por presi\u00f3n<\/h4>\n<p>\u00a0<\/p>\n<p>\u00bb content_last_edited=\u00bbon|phone\u00bb _builder_version=\u00bb4.21.0&#8243; _module_preset=\u00bbdefault\u00bb header_font=\u00bbRoboto|500|||||||\u00bb body_font=\u00bb|300|||||||\u00bb background_image=\u00bbhttps:\/\/varida.mx\/wp-content\/uploads\/2023\/08\/Sin-titulo-3.png\u00bb background_enable_image=\u00bbon\u00bb background_position=\u00bbtop_center\u00bb custom_padding=\u00bb250px||||false|false\u00bb custom_padding_tablet=\u00bb50px||||false|false\u00bb custom_padding_phone=\u00bb50px||150px||false|false\u00bb custom_padding_last_edited=\u00bbon|tablet\u00bb hover_enabled=\u00bb0&#8243; header_font_size_tablet=\u00bb\u00bb header_font_size_phone=\u00bb30px\u00bb header_font_size_last_edited=\u00bbon|phone\u00bb body_font_size_tablet=\u00bb\u00bb body_font_size_phone=\u00bb22px\u00bb body_font_size_last_edited=\u00bbon|phone\u00bb body_line_height_tablet=\u00bb\u00bb body_line_height_phone=\u00bb1em\u00bb body_line_height_last_edited=\u00bbon|phone\u00bb global_colors_info=\u00bb{}\u00bb sticky_transition=\u00bbon\u00bb heading_last_edited=\u00bbon|phone\u00bb sticky_enabled=\u00bb0&#8243; heading_phone=\u00bbTratamientos de heridas y estomas\u00bb]<\/p>\n<h1 style=\"font-size: 43px; font-family: Roboto;\">Tratamientos de <strong>heridas y estomas<\/strong><strong><\/strong><\/h1>\n<p><strong><\/strong><\/p>\n<h4 style=\"font-size: 18px; font-family: Arial; font-weight: 100;\">Cuidados de la piel en pacientes con riesgo a desarrollar lesiones por presi\u00f3n<\/h4>\n<p>&nbsp;<\/p>\n<p>[\/et_pb_slide][\/et_pb_fullwidth_slider][\/et_pb_section][et_pb_section fb_built=\u00bb1&#8243; _builder_version=\u00bb4.21.0&#8243; _module_preset=\u00bbdefault\u00bb background_image=\u00bbhttps:\/\/varida.mx\/wp-content\/uploads\/2023\/08\/Sin-titulo-scaled.jpg\u00bb height=\u00bb450px\u00bb global_colors_info=\u00bb{}\u00bb][et_pb_row column_structure=\u00bb1_2,1_2&#8243; _builder_version=\u00bb4.21.0&#8243; _module_preset=\u00bbdefault\u00bb global_colors_info=\u00bb{}\u00bb][et_pb_column type=\u00bb1_2&#8243; _builder_version=\u00bb4.21.0&#8243; _module_preset=\u00bbdefault\u00bb global_colors_info=\u00bb{}\u00bb][et_pb_text _builder_version=\u00bb4.21.0&#8243; _module_preset=\u00bbdefault\u00bb text_font=\u00bbRoboto|300|||||||\u00bb text_text_color=\u00bb#4d4d4d\u00bb text_font_size=\u00bb19px\u00bb text_font_tablet=\u00bbRoboto|300|||||||\u00bb text_font_phone=\u00bbRoboto|300|||||||\u00bb text_font_last_edited=\u00bbon|tablet\u00bb global_colors_info=\u00bb{}\u00bb]<\/p>\n<p>Las <strong>heridas cr\u00f3nicas<\/strong> son aquellas derivadas de enfermedades cr\u00f3nicas como la enfermedad venosa cr\u00f3nica, pie del diab\u00e9tico, \u00falceras por \u00e1cido \u00farico, problemas linf\u00e1ticos, entre otros.<\/p>\n<p>La curaci\u00f3n de estas heridas depender\u00e1 del tiempo de evolucion, origen de la lesi\u00f3n, y estado integral del paciente. Algunas toman m\u00e1s tiempo para sanar y pueden ser recurrentes si no se tiene el cuidado para evitarlas.<\/p>\n<p>[\/et_pb_text][\/et_pb_column][et_pb_column type=\u00bb1_2&#8243; _builder_version=\u00bb4.21.0&#8243; _module_preset=\u00bbdefault\u00bb global_colors_info=\u00bb{}\u00bb][\/et_pb_column][\/et_pb_row][\/et_pb_section][et_pb_section fb_built=\u00bb1&#8243; _builder_version=\u00bb4.21.0&#8243; _module_preset=\u00bbdefault\u00bb background_image=\u00bbhttps:\/\/varida.mx\/wp-content\/uploads\/2023\/08\/SLIDE-3-2.jpg\u00bb height=\u00bb697px\u00bb height_tablet=\u00bb997px\u00bb height_phone=\u00bb1300px\u00bb height_last_edited=\u00bbon|phone\u00bb background_last_edited=\u00bbon|phone\u00bb background_image_phone=\u00bbhttps:\/\/varida.mx\/wp-content\/uploads\/2023\/08\/Sin-titulo-2-7.jpg\u00bb background_enable_image_phone=\u00bbon\u00bb global_colors_info=\u00bb{}\u00bb][et_pb_row column_structure=\u00bb2_5,3_5&#8243; use_custom_gutter=\u00bbon\u00bb gutter_width=\u00bb2&#8243; module_class=\u00bbdivicon_border\u00bb _builder_version=\u00bb4.21.0&#8243; _module_preset=\u00bbdefault\u00bb custom_margin=\u00bb70px||||false|false\u00bb global_colors_info=\u00bb{}\u00bb][et_pb_column type=\u00bb2_5&#8243; _builder_version=\u00bb4.21.0&#8243; _module_preset=\u00bbdefault\u00bb global_colors_info=\u00bb{}\u00bb][et_pb_blurb title=\u00bbTratamientos\u00bb _builder_version=\u00bb4.21.0&#8243; _module_preset=\u00bbdefault\u00bb header_font=\u00bbRoboto||||||||\u00bb header_text_color=\u00bb#FFFFFF\u00bb header_font_size=\u00bb50px\u00bb body_font=\u00bbRoboto|300|||||||\u00bb body_text_color=\u00bb#FFFFFF\u00bb body_font_size=\u00bb26px\u00bb custom_margin=\u00bb140px||||false|false\u00bb custom_margin_tablet=\u00bb140px||||false|false\u00bb custom_margin_phone=\u00bb10px||||false|false\u00bb custom_margin_last_edited=\u00bbon|phone\u00bb header_font_size_tablet=\u00bb50px\u00bb header_font_size_phone=\u00bb45px\u00bb header_font_size_last_edited=\u00bbon|phone\u00bb global_colors_info=\u00bb{}\u00bb]<\/p>\n<p>para heridas y est\u00f3mas<\/p>\n<p>[\/et_pb_blurb][et_pb_button button_url=\u00bbhttps:\/\/api.whatsapp.com\/send?phone=5214771516899&#038;text=Buen%20d%C3%ADaQuisiera%20m%C3%A1s%20informaci%C3%B3n%20sobre%20los%20tratamiento%20de%20v%C3%A1rices\u00bb url_new_window=\u00bbon\u00bb button_text=\u00bbEscribir al chat\u00bb _builder_version=\u00bb4.21.0&#8243; _module_preset=\u00bbdefault\u00bb custom_button=\u00bbon\u00bb button_border_width=\u00bb1px\u00bb button_border_radius=\u00bb30px\u00bb button_letter_spacing=\u00bb1px\u00bb button_font=\u00bbRoboto|300|||||||\u00bb button_icon=\u00bb&#xf232;||fa||400&#8243; custom_margin=\u00bb80px|||30px|false|false\u00bb custom_padding=\u00bb|50px||50px|false|false\u00bb global_colors_info=\u00bb{}\u00bb][\/et_pb_button][\/et_pb_column][et_pb_column type=\u00bb3_5&#8243; _builder_version=\u00bb4.21.0&#8243; _module_preset=\u00bbdefault\u00bb global_colors_info=\u00bb{}\u00bb][et_pb_text admin_label=\u00bbdescripcion\u00bb module_class=\u00bbdescripcion\u00bb _builder_version=\u00bb4.21.0&#8243; _module_preset=\u00bbdefault\u00bb text_font=\u00bbRoboto|300|||||||\u00bb text_text_color=\u00bb#FFFFFF\u00bb text_font_size=\u00bb18px\u00bb custom_padding=\u00bb30px|30px|30px|30px|false|false\u00bb background_color_phone=\u00bbrgba(0,0,0,0.27)\u00bb background_last_edited=\u00bbon|phone\u00bb background_enable_color_phone=\u00bbon\u00bb border_radii=\u00bbon|60px|60px|60px|60px\u00bb border_width_all=\u00bb1px\u00bb border_color_all=\u00bb#FFFFFF\u00bb global_colors_info=\u00bb{}\u00bb]<\/p>\n<p>El tratamiento de las heridas cr\u00f3nicas depender\u00e1 del origen, y muchas veces es indispensable dar tratamiento al mismo tiempo de la enfermedad que origin\u00f3 la herida y de la herida misma (si no se retira la causa, la consecuencia continua).<\/p>\n<p>La elecci\u00f3n en la t\u00e9cnica de la curaci\u00f3n y los materiales que se utilizar\u00e1n deben de ser individualizados a cada caso, donde el especialista realiza la evaluaci\u00f3n para lograr cicatrizar la herida.<\/p>\n<p>Esto se puede lograr con ap\u00f3sitos especializados que deben de ser indicados por el m\u00e9dico.<\/p>\n<p>En ocasiones es necesaria la terapia de compresi\u00f3n, con diferentes tipos de vendas que ayuden a mejorar el flujo de sangre y de linfa, disminuyendo el edema o hinchaz\u00f3n.<\/p>\n<p>[\/et_pb_text][\/et_pb_column][\/et_pb_row][\/et_pb_section]<\/p>\n","protected":false},"excerpt":{"rendered":"<p>Tratamientos de heridas y estomas Cuidados de la piel en pacientes con riesgo a desarrollar lesiones por presi\u00f3n &nbsp;Las heridas cr\u00f3nicas son aquellas derivadas de enfermedades cr\u00f3nicas como la enfermedad venosa cr\u00f3nica, pie del diab\u00e9tico, \u00falceras por \u00e1cido \u00farico, problemas linf\u00e1ticos, entre otros. La curaci\u00f3n de estas heridas depender\u00e1 del tiempo de evolucion, origen de [&hellip;]<\/p>\n","protected":false},"author":1,"featured_media":0,"parent":0,"menu_order":0,"comment_status":"closed","ping_status":"closed","template":"","meta":{"_et_pb_use_builder":"on","_et_pb_old_content":"","_et_gb_content_width":""},"_links":{"self":[{"href":"https:\/\/varida.mx\/index.php?rest_route=\/wp\/v2\/pages\/51"}],"collection":[{"href":"https:\/\/varida.mx\/index.php?rest_route=\/wp\/v2\/pages"}],"about":[{"href":"https:\/\/varida.mx\/index.php?rest_route=\/wp\/v2\/types\/page"}],"author":[{"embeddable":true,"href":"https:\/\/varida.mx\/index.php?rest_route=\/wp\/v2\/users\/1"}],"replies":[{"embeddable":true,"href":"https:\/\/varida.mx\/index.php?rest_route=%2Fwp%2Fv2%2Fcomments&post=51"}],"version-history":[{"count":35,"href":"https:\/\/varida.mx\/index.php?rest_route=\/wp\/v2\/pages\/51\/revisions"}],"predecessor-version":[{"id":242091,"href":"https:\/\/varida.mx\/index.php?rest_route=\/wp\/v2\/pages\/51\/revisions\/242091"}],"wp:attachment":[{"href":"https:\/\/varida.mx\/index.php?rest_route=%2Fwp%2Fv2%2Fmedia&parent=51"}],"curies":[{"name":"wp","href":"https:\/\/api.w.org\/{rel}","templated":true}]}}