{"id":9,"date":"2023-06-27T20:46:48","date_gmt":"2023-06-27T20:46:48","guid":{"rendered":"https:\/\/varida.mx\/?page_id=9"},"modified":"2023-10-30T08:36:05","modified_gmt":"2023-10-30T08:36:05","slug":"9-2","status":"publish","type":"page","link":"https:\/\/varida.mx\/","title":{"rendered":"Home"},"content":{"rendered":"<p>[et_pb_section fb_built=\u00bb1&#8243; fullwidth=\u00bbon\u00bb _builder_version=\u00bb4.21.0&#8243; _module_preset=\u00bbdefault\u00bb global_colors_info=\u00bb{}\u00bb][et_pb_fullwidth_slider arrows_custom_color=\u00bb#FFFFFF\u00bb dot_nav_custom_color=\u00bbRGBA(255,255,255,0)\u00bb _builder_version=\u00bb4.21.0&#8243; _module_preset=\u00bbdefault\u00bb height_tablet=\u00bb\u00bb height_phone=\u00bb400px\u00bb height_last_edited=\u00bbon|desktop\u00bb global_colors_info=\u00bb{}\u00bb][et_pb_slide heading=\u00bbContamos con un equipo de\u00bb button_text=\u00bbescr\u00edbenos\u00bb button_link=\u00bbhttps:\/\/api.whatsapp.com\/send?phone=5214771516899&#038;text=Buen%20d%C3%ADaQuisiera%20m%C3%A1s%20informaci%C3%B3n%20sobre%20los%20tratamiento%20de%20v%C3%A1rices\u00bb url_new_window=\u00bbon\u00bb _builder_version=\u00bb4.21.0&#8243; _module_preset=\u00bbdefault\u00bb header_font=\u00bbRoboto|300|||||||\u00bb header_font_size=\u00bb30px\u00bb body_font=\u00bbRoboto|500|||||||\u00bb body_font_size=\u00bb40px\u00bb body_line_height=\u00bb1.8em\u00bb background_image=\u00bbhttps:\/\/varida.mx\/wp-content\/uploads\/2023\/10\/fRENTE.png\u00bb background_enable_image=\u00bbon\u00bb custom_button=\u00bbon\u00bb button_text_size=\u00bb23px\u00bb button_text_color=\u00bb#FFFFFF\u00bb button_bg_color=\u00bbrgba(0,0,0,0.17)\u00bb button_border_color=\u00bb#7CDA24&#8243; button_border_radius=\u00bb25px\u00bb button_letter_spacing=\u00bb2px\u00bb button_use_icon=\u00bbon\u00bb button_icon=\u00bb&#xf232;||fa||400&#8243; button_icon_color=\u00bb#7CDA24&#8243; custom_padding=\u00bb300px||||false|false\u00bb custom_padding_tablet=\u00bb300px||||false|false\u00bb custom_padding_phone=\u00bb100px||||false|false\u00bb custom_padding_last_edited=\u00bbon|phone\u00bb header_font_size_tablet=\u00bb30px\u00bb header_font_size_phone=\u00bb20px\u00bb header_font_size_last_edited=\u00bbon|phone\u00bb body_font_size_tablet=\u00bb40px\u00bb body_font_size_phone=\u00bb25px\u00bb body_font_size_last_edited=\u00bbon|phone\u00bb body_line_height_tablet=\u00bb1.8em\u00bb body_line_height_phone=\u00bb1.1em\u00bb body_line_height_last_edited=\u00bbon|phone\u00bb background_last_edited=\u00bbon|phone\u00bb background_image_phone=\u00bbhttps:\/\/varida.mx\/wp-content\/uploads\/2023\/10\/Movil-Fondo.png\u00bb background_enable_image_phone=\u00bbon\u00bb button_text_size_tablet=\u00bb23px\u00bb button_text_size_phone=\u00bb20px\u00bb button_text_size_last_edited=\u00bbon|phone\u00bb global_colors_info=\u00bb{}\u00bb sticky_transition=\u00bbon\u00bb]<\/p>\n<p>m\u00e9dicos especialistas en v\u00e1rices<\/p>\n<p>[\/et_pb_slide][et_pb_slide button_text=\u00bbescr\u00edbenos\u00bb button_link=\u00bbhttps:\/\/api.whatsapp.com\/send?phone=5214771516899&#038;text=Buen%20d%C3%ADaQuisiera%20m%C3%A1s%20informaci%C3%B3n%20sobre%20los%20tratamiento%20de%20v%C3%A1rices\u00bb url_new_window=\u00bbon\u00bb _builder_version=\u00bb4.21.0&#8243; _module_preset=\u00bbdefault\u00bb background_image=\u00bbhttps:\/\/varida.mx\/wp-content\/uploads\/2023\/08\/Sin-titulo-1-8.jpg\u00bb background_enable_image=\u00bbon\u00bb custom_button=\u00bbon\u00bb button_bg_color=\u00bbrgba(0,0,0,0.17)\u00bb button_border_color=\u00bb#7CDA24&#8243; button_border_radius=\u00bb25px\u00bb button_letter_spacing=\u00bb2px\u00bb button_icon=\u00bb&#xf232;||fa||400&#8243; button_icon_color=\u00bb#7CDA24&#8243; custom_padding=\u00bb350px||||false|false\u00bb custom_padding_tablet=\u00bb350px||||false|false\u00bb custom_padding_phone=\u00bb200px||||false|false\u00bb custom_padding_last_edited=\u00bbon|phone\u00bb background_last_edited=\u00bbon|phone\u00bb background_image_phone=\u00bbhttps:\/\/varida.mx\/wp-content\/uploads\/2023\/09\/1-1.jpg\u00bb background_enable_image_phone=\u00bbon\u00bb global_colors_info=\u00bb{}\u00bb sticky_transition=\u00bbon\u00bb][\/et_pb_slide][et_pb_slide button_text=\u00bbm\u00e1s informaci\u00f3n\u00bb button_link=\u00bbhttps:\/\/api.whatsapp.com\/send?phone=5214771516899&#038;text=Buen%20d%C3%ADaQuisiera%20m%C3%A1s%20informaci%C3%B3n%20sobre%20los%20tratamiento%20de%20v%C3%A1rices\u00bb url_new_window=\u00bbon\u00bb _builder_version=\u00bb4.21.0&#8243; _module_preset=\u00bbdefault\u00bb background_image=\u00bbhttps:\/\/varida.mx\/wp-content\/uploads\/2023\/09\/Sin-titulo-3-1-scaled.jpg\u00bb background_enable_image=\u00bbon\u00bb custom_button=\u00bbon\u00bb button_border_radius=\u00bb25px\u00bb background_last_edited=\u00bbon|phone\u00bb background_image_phone=\u00bbhttps:\/\/varida.mx\/wp-content\/uploads\/2023\/09\/1.jpg\u00bb background_enable_image_phone=\u00bbon\u00bb global_colors_info=\u00bb{}\u00bb sticky_transition=\u00bbon\u00bb][\/et_pb_slide][\/et_pb_fullwidth_slider][\/et_pb_section][et_pb_section fb_built=\u00bb1&#8243; admin_label=\u00bbAbout\u00bb _builder_version=\u00bb4.21.0&#8243; _module_preset=\u00bbdefault\u00bb custom_padding=\u00bb100px||||false|false\u00bb collapsed=\u00bbon\u00bb global_colors_info=\u00bb{}\u00bb][et_pb_row _builder_version=\u00bb4.20.0&#8243; _module_preset=\u00bbdefault\u00bb max_width=\u00bb800px\u00bb global_colors_info=\u00bb{}\u00bb][et_pb_column type=\u00bb4_4&#8243; _builder_version=\u00bb4.20.0&#8243; _module_preset=\u00bbdefault\u00bb global_colors_info=\u00bb{}\u00bb][et_pb_text _builder_version=\u00bb4.21.0&#8243; _module_preset=\u00bbdefault\u00bb text_font=\u00bbRoboto|300|||||||\u00bb text_text_color=\u00bb#2d3e76&#8243; text_font_size=\u00bb55px\u00bb text_letter_spacing=\u00bb7px\u00bb text_orientation=\u00bbcenter\u00bb min_height=\u00bb8px\u00bb text_text_color_tablet=\u00bb#2d3e76&#8243; text_text_color_phone=\u00bb#2d3e76&#8243; text_text_color_last_edited=\u00bbon|phone\u00bb text_font_size_tablet=\u00bb60px\u00bb text_font_size_phone=\u00bb27px\u00bb text_font_size_last_edited=\u00bbon|desktop\u00bb text_orientation_tablet=\u00bbcenter\u00bb text_orientation_phone=\u00bbcenter\u00bb text_orientation_last_edited=\u00bbon|desktop\u00bb global_colors_info=\u00bb{}\u00bb]<\/p>\n<p style=\"text-align: center;\">TRATAMIENTOS<\/p>\n<p>[\/et_pb_text][\/et_pb_column][\/et_pb_row][\/et_pb_section][et_pb_section fb_built=\u00bb1&#8243; _builder_version=\u00bb4.21.0&#8243; _module_preset=\u00bbdefault\u00bb global_colors_info=\u00bb{}\u00bb][et_pb_row column_structure=\u00bb1_3,1_3,1_3&#8243; _builder_version=\u00bb4.21.0&#8243; _module_preset=\u00bbdefault\u00bb global_colors_info=\u00bb{}\u00bb][et_pb_column type=\u00bb1_3&#8243; _builder_version=\u00bb4.21.0&#8243; _module_preset=\u00bbdefault\u00bb global_colors_info=\u00bb{}\u00bb][et_pb_cta button_text=\u00bbClics\u00bb _builder_version=\u00bb4.21.0&#8243; _module_preset=\u00bbdefault\u00bb body_font=\u00bbRoboto||||||||\u00bb body_font_size=\u00bb50px\u00bb background_image=\u00bbhttps:\/\/varida.mx\/wp-content\/uploads\/2023\/08\/Sin-titulo-2-2.jpg\u00bb height=\u00bb270px\u00bb global_colors_info=\u00bb{}\u00bb][\/et_pb_cta][et_pb_button button_url=\u00bbhttps:\/\/varida.mx\/?page_id=44&#8243; button_text=\u00bbtratamientos\u00bb button_alignment=\u00bbcenter\u00bb _builder_version=\u00bb4.21.0&#8243; _module_preset=\u00bbdefault\u00bb custom_button=\u00bbon\u00bb button_text_color=\u00bb#000000&#8243; button_border_radius=\u00bb23px\u00bb button_icon=\u00bb&#x24;||divi||400&#8243; global_colors_info=\u00bb{}\u00bb][\/et_pb_button][\/et_pb_column][et_pb_column type=\u00bb1_3&#8243; _builder_version=\u00bb4.21.0&#8243; _module_preset=\u00bbdefault\u00bb global_colors_info=\u00bb{}\u00bb][et_pb_cta button_text=\u00bbClics\u00bb _builder_version=\u00bb4.21.0&#8243; _module_preset=\u00bbdefault\u00bb body_font=\u00bbRoboto||||||||\u00bb body_font_size=\u00bb50px\u00bb background_image=\u00bbhttps:\/\/varida.mx\/wp-content\/uploads\/2023\/08\/Sin-titulo-2-1.jpg\u00bb height=\u00bb270px\u00bb global_colors_info=\u00bb{}\u00bb][\/et_pb_cta][et_pb_button button_url=\u00bbhttps:\/\/varida.mx\/?page_id=25&#8243; button_text=\u00bbtratamientos\u00bb button_alignment=\u00bbcenter\u00bb _builder_version=\u00bb4.21.0&#8243; _module_preset=\u00bbdefault\u00bb custom_button=\u00bbon\u00bb button_text_color=\u00bb#000000&#8243; button_border_radius=\u00bb23px\u00bb button_icon=\u00bb&#x24;||divi||400&#8243; global_colors_info=\u00bb{}\u00bb][\/et_pb_button][\/et_pb_column][et_pb_column type=\u00bb1_3&#8243; _builder_version=\u00bb4.21.0&#8243; _module_preset=\u00bbdefault\u00bb global_colors_info=\u00bb{}\u00bb][et_pb_cta button_text=\u00bbClics\u00bb _builder_version=\u00bb4.21.0&#8243; _module_preset=\u00bbdefault\u00bb header_text_color=\u00bb#000000&#8243; body_font=\u00bbRoboto||||||||\u00bb body_text_color=\u00bb#FFFFFF\u00bb body_font_size=\u00bb50px\u00bb background_image=\u00bbhttps:\/\/varida.mx\/wp-content\/uploads\/2023\/08\/Sin-titulo-2-1-1.jpg\u00bb custom_button=\u00bbon\u00bb button_text_color=\u00bb#000000&#8243; button_bg_color=\u00bb#E02B20&#8243; button_border_color=\u00bb#000000&#8243; button_on_hover=\u00bboff\u00bb height=\u00bb270px\u00bb global_colors_info=\u00bb{}\u00bb][\/et_pb_cta][et_pb_button button_url=\u00bbhttps:\/\/varida.mx\/?page_id=51&#8243; button_text=\u00bbtratamientos\u00bb button_alignment=\u00bbcenter\u00bb _builder_version=\u00bb4.21.0&#8243; _module_preset=\u00bbdefault\u00bb custom_button=\u00bbon\u00bb button_text_color=\u00bb#000000&#8243; button_border_radius=\u00bb23px\u00bb button_icon=\u00bb&#x24;||divi||400&#8243; global_colors_info=\u00bb{}\u00bb][\/et_pb_button][\/et_pb_column][\/et_pb_row][\/et_pb_section][et_pb_section fb_built=\u00bb1&#8243; fullwidth=\u00bbon\u00bb _builder_version=\u00bb4.21.0&#8243; _module_preset=\u00bbdefault\u00bb height=\u00bb621px\u00bb height_tablet=\u00bb621px\u00bb height_phone=\u00bb474px\u00bb height_last_edited=\u00bbon|phone\u00bb custom_margin=\u00bb||||false|false\u00bb custom_padding=\u00bb||||false|false\u00bb hover_transition_duration=\u00bb3000ms\u00bb hover_transition_speed_curve=\u00bbease-in\u00bb global_colors_info=\u00bb{}\u00bb][et_pb_fullwidth_slider module_id=\u00bbespecialistas\u00bb _builder_version=\u00bb4.21.0&#8243; _module_preset=\u00bbdefault\u00bb hover_transition_duration=\u00bb2000ms\u00bb scroll_fade_enable=\u00bbon\u00bb hover_enabled=\u00bb0&#8243; background_last_edited=\u00bbon|phone\u00bb global_colors_info=\u00bb{}\u00bb sticky_enabled=\u00bb0&#8243;][et_pb_slide button_text=\u00bbnuestros especialistas\u00bb button_link=\u00bbhttps:\/\/www.doctoralia.com.mx\/clinicas\/varida-atencion-de-varices-heridas-y-pie-diabetico\u00bb url_new_window=\u00bbon\u00bb _builder_version=\u00bb4.21.0&#8243; _module_preset=\u00bbdefault\u00bb header_font=\u00bbRoboto||||||||\u00bb header_font_size=\u00bb57px\u00bb body_font=\u00bbCedarville Cursive||||||||\u00bb body_font_size=\u00bb33px\u00bb background_image=\u00bbhttps:\/\/varida.mx\/wp-content\/uploads\/2023\/08\/Sin-titulo-3-4.jpg\u00bb background_enable_image=\u00bbon\u00bb custom_button=\u00bbon\u00bb button_bg_color=\u00bbrgba(0,0,0,0)\u00bb button_border_color=\u00bbrgba(255,255,255,0.39)\u00bb button_border_radius=\u00bb24px\u00bb custom_padding=\u00bb||1px||false|false\u00bb global_colors_info=\u00bb{}\u00bb button_bg_color__hover_enabled=\u00bbon|desktop\u00bb button_bg_color__hover=\u00bbrgba(0,0,0,0.4)\u00bb button_bg_enable_color__hover=\u00bbon\u00bb sticky_transition=\u00bbon\u00bb][\/et_pb_slide][et_pb_slide button_text=\u00bbIr a perfil\u00bb button_link=\u00bbhttps:\/\/www.doctoralia.com.mx\/clinicas\/varida-atencion-de-varices-heridas-y-pie-diabetico#specialists-section\u00bb url_new_window=\u00bbon\u00bb image=\u00bbhttps:\/\/varida.mx\/wp-content\/uploads\/2023\/08\/Sin-titulo-2.png\u00bb content_tablet=\u00bb<\/p>\n<h1>Dr<\/h1>\n<h1>Jorge Anaya Winfield<\/h1>\n<p>M\u00e9dico Cirujano, Universidad de Guanajuato, 2002<br \/>Cirug\u00eda General, Universidad de Guanajuato, 2006<br \/>Maestr\u00eda en Administraci\u00f3n de Instituciones de Salud, Universidad DeLasalle, 2016<br \/>Manejo Avanzado de Heridas y Pie diab\u00e9tico, Instituto Mexicano de Flebolog\u00eda, 2020<br \/>Flebolog\u00eda, Instituto Mexicano de Flebolog\u00eda, 2020<br \/>Ultrasonido Venoso, Instituto Mexicano de Flebolog\u00eda, 2021<\/p>\n<p>\u00bb content_phone=\u00bb<\/p>\n<h1><\/h1>\n<h1><\/h1>\n<h1><\/h1>\n<h1><\/h1>\n<h1>Dr. Jorge Anaya Winfield<\/h1>\n<p>\u00bb content_last_edited=\u00bbon|phone\u00bb _builder_version=\u00bb4.21.0&#8243; _module_preset=\u00bbdefault\u00bb header_level=\u00bbh1&#8243; header_font=\u00bbRoboto||||||||\u00bb header_font_size=\u00bb27px\u00bb body_font=\u00bbRoboto||||||||\u00bb background_image=\u00bbhttps:\/\/varida.mx\/wp-content\/uploads\/2023\/10\/Dr-Jorge-Web.png\u00bb background_enable_image=\u00bbon\u00bb custom_button=\u00bbon\u00bb button_bg_color=\u00bbrgba(0,0,0,0.22)\u00bb button_border_color=\u00bbrgba(255,255,255,0.39)\u00bb button_border_radius=\u00bb24px\u00bb background_last_edited=\u00bbon|phone\u00bb background_image_phone=\u00bbhttps:\/\/varida.mx\/wp-content\/uploads\/2023\/10\/Dr-Jorge-Cel-2.png\u00bb background_enable_image_phone=\u00bbon\u00bb global_colors_info=\u00bb{}\u00bb sticky_transition=\u00bbon\u00bb]<\/p>\n<h1>Dr<\/h1>\n<h1>Jorge Anaya Winfield<\/h1>\n<p>M\u00e9dico Cirujano, Universidad de Guanajuato, 2002<br \/>Cirug\u00eda General, Universidad de Guanajuato, 2006<br \/>Maestr\u00eda en Administraci\u00f3n de Instituciones de Salud, Universidad DeLasalle, 2016<br \/>Manejo Avanzado de Heridas y Pie diab\u00e9tico, Instituto Mexicano de Flebolog\u00eda, 2020<br \/>Flebolog\u00eda, Instituto Mexicano de Flebolog\u00eda, 2020<br \/>Ultrasonido Venoso, Instituto Mexicano de Flebolog\u00eda, 2021<\/p>\n<p>[\/et_pb_slide][et_pb_slide button_text=\u00bbIr al perfil\u00bb button_link=\u00bbhttps:\/\/www.doctoralia.com.mx\/clinicas\/varida-atencion-de-varices-heridas-y-pie-diabetico#specialists-section\u00bb url_new_window=\u00bbon\u00bb image=\u00bbhttps:\/\/varida.mx\/wp-content\/uploads\/2023\/08\/Sin-titulo-2.png\u00bb heading_tablet=\u00bb\u00bb heading_phone=\u00bb\u00bb heading_last_edited=\u00bbon|desktop\u00bb content_tablet=\u00bb<\/p>\n<h1>Monica J Navarro Vite<\/h1>\n<p>M\u00e9dica Cirujana Universidad Nacional Aut\u00f3noma de M\u00e9xico (2001)<br \/>Nefrolog\u00eda Universidad Nacional Aut\u00f3noma de M\u00e9xico (2006)<\/p>\n<p>\u00bb content_phone=\u00bb<\/p>\n<h1 style=%22text-align: center;%22><\/h1>\n<h1 style=%22text-align: center;%22><\/h1>\n<h1 style=%22text-align: center;%22><\/h1>\n<h1 style=%22text-align: center;%22><\/h1>\n<h1 style=%22text-align: center;%22><\/h1>\n<h1 style=%22text-align: center;%22><\/h1>\n<h1 style=%22text-align: center;%22><\/h1>\n<h1 style=%22text-align: center;%22><\/h1>\n<h1 style=%22text-align: center;%22><\/h1>\n<h1 style=%22text-align: center;%22><\/h1>\n<h1 style=%22text-align: center;%22><\/h1>\n<h1 style=%22text-align: center;%22>Dra. Monica J Navarro Vite<\/h1>\n<p>\u00bb content_last_edited=\u00bbon|phone\u00bb _builder_version=\u00bb4.21.0&#8243; _module_preset=\u00bbdefault\u00bb header_font=\u00bbRoboto||||||||\u00bb header_font_size=\u00bb27px\u00bb background_image=\u00bbhttps:\/\/varida.mx\/wp-content\/uploads\/2023\/10\/Dr-Monica-Web.png\u00bb background_enable_image=\u00bbon\u00bb custom_button=\u00bbon\u00bb button_bg_color=\u00bbrgba(0,0,0,0.22)\u00bb button_border_color=\u00bbrgba(255,255,255,0.39)\u00bb button_border_radius=\u00bb24px\u00bb hover_enabled=\u00bb0&#8243; background_last_edited=\u00bbon|phone\u00bb background_image_phone=\u00bbhttps:\/\/varida.mx\/wp-content\/uploads\/2023\/10\/Dr-Monica-Cel-2.png\u00bb background_enable_image_phone=\u00bbon\u00bb global_colors_info=\u00bb{}\u00bb sticky_transition=\u00bbon\u00bb sticky_enabled=\u00bb0&#8243;]<\/p>\n<h1>Dra.<\/h1>\n<h1>Monica J Navarro Vite<\/h1>\n<p>M\u00e9dica Cirujana Universidad Nacional Aut\u00f3noma de M\u00e9xico (2001)<br \/>Nefrolog\u00eda Universidad Nacional Aut\u00f3noma de M\u00e9xico (2006)<\/p>\n<p>[\/et_pb_slide][\/et_pb_fullwidth_slider][\/et_pb_section]<\/p>\n","protected":false},"excerpt":{"rendered":"<p>m\u00e9dicos especialistas en v\u00e1ricesTRATAMIENTOSDr Jorge Anaya Winfield M\u00e9dico Cirujano, Universidad de Guanajuato, 2002Cirug\u00eda General, Universidad de Guanajuato, 2006Maestr\u00eda en Administraci\u00f3n de Instituciones de Salud, Universidad DeLasalle, 2016Manejo Avanzado de Heridas y Pie diab\u00e9tico, Instituto Mexicano de Flebolog\u00eda, 2020Flebolog\u00eda, Instituto Mexicano de Flebolog\u00eda, 2020Ultrasonido Venoso, Instituto Mexicano de Flebolog\u00eda, 2021Dra. Monica J Navarro Vite M\u00e9dica Cirujana [&hellip;]<\/p>\n","protected":false},"author":1,"featured_media":0,"parent":0,"menu_order":0,"comment_status":"closed","ping_status":"closed","template":"","meta":{"_et_pb_use_builder":"on","_et_pb_old_content":"","_et_gb_content_width":""},"_links":{"self":[{"href":"https:\/\/varida.mx\/index.php?rest_route=\/wp\/v2\/pages\/9"}],"collection":[{"href":"https:\/\/varida.mx\/index.php?rest_route=\/wp\/v2\/pages"}],"about":[{"href":"https:\/\/varida.mx\/index.php?rest_route=\/wp\/v2\/types\/page"}],"author":[{"embeddable":true,"href":"https:\/\/varida.mx\/index.php?rest_route=\/wp\/v2\/users\/1"}],"replies":[{"embeddable":true,"href":"https:\/\/varida.mx\/index.php?rest_route=%2Fwp%2Fv2%2Fcomments&post=9"}],"version-history":[{"count":145,"href":"https:\/\/varida.mx\/index.php?rest_route=\/wp\/v2\/pages\/9\/revisions"}],"predecessor-version":[{"id":242135,"href":"https:\/\/varida.mx\/index.php?rest_route=\/wp\/v2\/pages\/9\/revisions\/242135"}],"wp:attachment":[{"href":"https:\/\/varida.mx\/index.php?rest_route=%2Fwp%2Fv2%2Fmedia&parent=9"}],"curies":[{"name":"wp","href":"https:\/\/api.w.org\/{rel}","templated":true}]}}